{"id":721,"date":"2023-10-26T14:50:23","date_gmt":"2023-10-26T14:50:23","guid":{"rendered":"https:\/\/lrhs.swlauriersb.vortexdev.com\/governance\/"},"modified":"2024-04-02T15:54:33","modified_gmt":"2024-04-02T15:54:33","slug":"conseil-d-etablisemment","status":"publish","type":"page","link":"https:\/\/lrhs.swlauriersb.vortexdev.com\/fr\/conseil-d-etablisemment\/","title":{"rendered":"Conseil d\u2019\u00e9tablissement"},"content":{"rendered":"\n<h2 class=\"wp-block-heading\">Conseil d\u2019\u00e9tablissement 2023-2024<\/h2>\n\n\n\n<p>Le conseil d\u2019\u00e9tablissement de l\u2019\u00e9cole secondaire r\u00e9gionale Laurentian se r\u00e9unira \u00e0 nouveau le mardi 21&nbsp;novembre&nbsp;2023. Veuillez noter que la r\u00e9union se tiendra en ligne et commencera officiellement \u00e0 18&nbsp;h&nbsp;30. Les membres du public qui souhaitent assister \u00e0 la r\u00e9union sont pri\u00e9s de communiquer avec M<sup>me<\/sup> Nadia Anwar pour recevoir le lien permettant d\u2019y acc\u00e9der.&nbsp;&nbsp;&nbsp;&nbsp;<\/p>\n\n\n\n<h2 class=\"wp-block-heading\">Conseil d\u2019\u00e9tablissement 2022-2023<\/h2>\n\n\n\n<div class=\"wp-block-buttons is-layout-flex wp-block-buttons-is-layout-flex\">\n<div class=\"wp-block-button is-style-text-link-pdf\"><a class=\"wp-block-button__link wp-element-button\" href=\"https:\/\/lrhs.swlauriersb.vortexdev.com\/wp-content\/uploads\/sites\/7\/2023\/12\/LRHS_GOVERNINGBOARD_Rapport-annuel-2022-2023-du-conseil-detablissement_FR.pdf\" target=\"_blank\" rel=\"noreferrer noopener\">Rapport Annuel 2022-2023<i class=\"icon-pdf\"><\/i><\/a><\/div>\n<\/div>\n\n\n\n<h2 class=\"wp-block-heading\">Assembl\u00e9e g\u00e9n\u00e9rale annuelle (AGA)<\/h2>\n\n\n\n<div class=\"wp-block-buttons is-layout-flex wp-block-buttons-is-layout-flex\">\n<div class=\"wp-block-button is-style-text-link-pdf\"><a class=\"wp-block-button__link wp-element-button\" href=\"https:\/\/lrhs.swlauriersb.vortexdev.com\/wp-content\/uploads\/sites\/7\/2023\/12\/LRHS_GOVERNINGBOARD_LRHS-2022-09-21-AGA_BIL.pdf\" target=\"_blank\" rel=\"noreferrer noopener\">Proc\u00e8s verbal de l&#8217;AGA du conseil d&#8217;\u00e9tablissement de 2022 de LRHS <i class=\"icon-pdf\"><\/i><\/a><\/div>\n<\/div>\n","protected":false},"excerpt":{"rendered":"<p>Conseil d\u2019\u00e9tablissement 2023-2024 Le conseil d\u2019\u00e9tablissement de l\u2019\u00e9cole secondaire r\u00e9gionale Laurentian se r\u00e9unira \u00e0 nouveau le mardi 21&nbsp;novembre&nbsp;2023. Veuillez noter que la r\u00e9union se tiendra en ligne et commencera officiellement \u00e0 18&nbsp;h&nbsp;30. Les membres du public qui souhaitent assister \u00e0 la r\u00e9union sont pri\u00e9s de communiquer avec Mme Nadia Anwar pour recevoir le lien permettant&hellip;<\/p>\n","protected":false},"author":1,"featured_media":0,"parent":0,"menu_order":0,"comment_status":"closed","ping_status":"closed","template":"","meta":{"_acf_changed":false,"_relevanssi_hide_post":"","_relevanssi_hide_content":"","_relevanssi_pin_for_all":"","_relevanssi_pin_keywords":"","_relevanssi_unpin_keywords":"","_relevanssi_related_keywords":"","_relevanssi_related_include_ids":"","_relevanssi_related_exclude_ids":"","_relevanssi_related_no_append":"","_relevanssi_related_not_related":"","_relevanssi_related_posts":"","_relevanssi_noindex_reason":"","footnotes":""},"acf":[],"_links":{"self":[{"href":"https:\/\/lrhs.swlauriersb.vortexdev.com\/fr\/wp-json\/wp\/v2\/pages\/721"}],"collection":[{"href":"https:\/\/lrhs.swlauriersb.vortexdev.com\/fr\/wp-json\/wp\/v2\/pages"}],"about":[{"href":"https:\/\/lrhs.swlauriersb.vortexdev.com\/fr\/wp-json\/wp\/v2\/types\/page"}],"author":[{"embeddable":true,"href":"https:\/\/lrhs.swlauriersb.vortexdev.com\/fr\/wp-json\/wp\/v2\/users\/1"}],"replies":[{"embeddable":true,"href":"https:\/\/lrhs.swlauriersb.vortexdev.com\/fr\/wp-json\/wp\/v2\/comments?post=721"}],"version-history":[{"count":7,"href":"https:\/\/lrhs.swlauriersb.vortexdev.com\/fr\/wp-json\/wp\/v2\/pages\/721\/revisions"}],"predecessor-version":[{"id":891,"href":"https:\/\/lrhs.swlauriersb.vortexdev.com\/fr\/wp-json\/wp\/v2\/pages\/721\/revisions\/891"}],"wp:attachment":[{"href":"https:\/\/lrhs.swlauriersb.vortexdev.com\/fr\/wp-json\/wp\/v2\/media?parent=721"}],"curies":[{"name":"wp","href":"https:\/\/api.w.org\/{rel}","templated":true}]}}