{"id":724,"date":"2023-11-02T09:47:56","date_gmt":"2023-11-02T09:47:56","guid":{"rendered":"https:\/\/lrhs.swlauriersb.vortexdev.com\/our-programs\/"},"modified":"2024-01-03T19:57:53","modified_gmt":"2024-01-03T19:57:53","slug":"nos-programmes","status":"publish","type":"page","link":"https:\/\/lrhs.swlauriersb.vortexdev.com\/fr\/nos-programmes\/","title":{"rendered":"Nos programmes"},"content":{"rendered":"\n<h2 class=\"wp-block-heading\">Programme d\u2019\u00e9ducation \u00e0 la sexualit\u00e9<\/h2>\n\n\n\n<p>Vous trouverez ci-dessous toutes les informations du MEQ sur le programme d\u2019\u00e9ducation \u00e0 la sexualit\u00e9. L\u2019\u00e9cole secondaire r\u00e9gionale Laurentian commencera \u00e0 introduire l\u2019\u00e9ducation \u00e0 la sexualit\u00e9 au cours de la troisi\u00e8me \u00e9tape. Si vous avez des questions, vous pouvez communiquer avec M<sup>me<\/sup> Tammy Noble or M<sup>me<\/sup> Nadia Anwar.<\/p>\n\n\n\n<div class=\"wp-block-buttons is-layout-flex wp-block-buttons-is-layout-flex\">\n<div class=\"wp-block-button is-style-text-link-pdf\"><a class=\"wp-block-button__link wp-element-button\" href=\"http:\/\/lrhs.swlauriersb.vortexdev.com\/wp-content\/uploads\/sites\/7\/2023\/12\/LRHS_PROGRAMS_Feuillet-Parents-Sexualite-Secondaire1_FR.pdf\" target=\"_blank\" rel=\"noreferrer noopener\">LRHS_PROGRAMS_Feuillet-Parents-Sexualite-Secondaire1_FR<i class=\"icon-pdf\"><\/i><\/a><\/div>\n<\/div>\n\n\n\n<div class=\"wp-block-buttons is-layout-flex wp-block-buttons-is-layout-flex\">\n<div class=\"wp-block-button is-style-text-link-pdf\"><a class=\"wp-block-button__link wp-element-button\" href=\"http:\/\/lrhs.swlauriersb.vortexdev.com\/wp-content\/uploads\/sites\/7\/2023\/12\/LRHS_PROGRAMS_Feuillet-Parents-Sexualite-Secondaire2_FR.pdf\" target=\"_blank\" rel=\"noreferrer noopener\">LRHS_PROGRAMS_Feuillet-Parents-Sexualite-Secondaire2_FR<i class=\"icon-pdf\"><\/i><\/a><\/div>\n<\/div>\n\n\n\n<div class=\"wp-block-buttons is-layout-flex wp-block-buttons-is-layout-flex\">\n<div class=\"wp-block-button is-style-text-link-pdf\"><a class=\"wp-block-button__link wp-element-button\" href=\"http:\/\/lrhs.swlauriersb.vortexdev.com\/wp-content\/uploads\/sites\/7\/2023\/12\/LRHS_PROGRAMS_Feuillet-Parents-Sexualite-Secondaire3_FR.pdf\" target=\"_blank\" rel=\"noreferrer noopener\">LRHS_PROGRAMS_Feuillet-Parents-Sexualite-Secondaire3_FR<i class=\"icon-pdf\"><\/i><\/a><\/div>\n<\/div>\n\n\n\n<div class=\"wp-block-buttons is-layout-flex wp-block-buttons-is-layout-flex\">\n<div class=\"wp-block-button is-style-text-link-pdf\"><a class=\"wp-block-button__link wp-element-button\" href=\"http:\/\/lrhs.swlauriersb.vortexdev.com\/wp-content\/uploads\/sites\/7\/2023\/12\/LRHS_PROGRAMS_Feuillet-Parents-Sexualite-Secondaire4_FR.pdf\" target=\"_blank\" rel=\"noreferrer noopener\">LRHS_PROGRAMS_Feuillet-Parents-Sexualite-Secondaire4_FR<i class=\"icon-pdf\"><\/i><\/a><\/div>\n<\/div>\n\n\n\n<div class=\"wp-block-buttons is-layout-flex wp-block-buttons-is-layout-flex\">\n<div class=\"wp-block-button is-style-text-link-pdf\"><a class=\"wp-block-button__link wp-element-button\" href=\"http:\/\/lrhs.swlauriersb.vortexdev.com\/wp-content\/uploads\/sites\/7\/2023\/12\/LRHS_PROGRAMS_Feuillet-Parents-Sexualite-Secondaire5_FR.pdf\" target=\"_blank\" rel=\"noreferrer noopener\">LRHS_PROGRAMS_Feuillet-Parents-Sexualite-Secondaire5_FR<i class=\"icon-pdf\"><\/i><\/a><\/div>\n<\/div>\n\n\n\n<div class=\"wp-block-buttons is-layout-flex wp-block-buttons-is-layout-flex\"><\/div>\n\n\n\n<h2 class=\"wp-block-heading\">Guide du programme<\/h2>\n\n\n\n<div class=\"wp-block-buttons is-layout-flex wp-block-buttons-is-layout-flex\">\n<div class=\"wp-block-button is-style-text-link-pdf\"><a class=\"wp-block-button__link wp-element-button\" href=\"http:\/\/lrhs.swlauriersb.vortexdev.com\/wp-content\/uploads\/sites\/7\/2023\/12\/LRHS_PROGRAMS-program_Sec-1_2_2022-2023_FR.pdf\" target=\"_blank\" rel=\"noreferrer noopener\">LRHS_PROGRAM_program_Sec 1_2_2022-2023_FR<i class=\"icon-pdf\"><\/i><\/a><\/div>\n<\/div>\n\n\n\n<div class=\"wp-block-buttons is-layout-flex wp-block-buttons-is-layout-flex\">\n<div class=\"wp-block-button is-style-text-link-pdf\"><a class=\"wp-block-button__link wp-element-button\" href=\"http:\/\/lrhs.swlauriersb.vortexdev.com\/wp-content\/uploads\/sites\/7\/2023\/12\/LRHS_PROGRAMS_program_Sec-3-to-5-2022-2023_FR.pdf\" target=\"_blank\" rel=\"noreferrer noopener\">LRHS_PROGRAMS_program_Sec 3 to 5 2022-2023_FR<i class=\"icon-pdf\"><\/i><\/a><\/div>\n<\/div>\n","protected":false},"excerpt":{"rendered":"<p>Programme d\u2019\u00e9ducation \u00e0 la sexualit\u00e9 Vous trouverez ci-dessous toutes les informations du MEQ sur le programme d\u2019\u00e9ducation \u00e0 la sexualit\u00e9. L\u2019\u00e9cole secondaire r\u00e9gionale Laurentian commencera \u00e0 introduire l\u2019\u00e9ducation \u00e0 la sexualit\u00e9 au cours de la troisi\u00e8me \u00e9tape. Si vous avez des questions, vous pouvez communiquer avec Mme Tammy Noble or Mme Nadia Anwar. Guide du&hellip;<\/p>\n","protected":false},"author":1,"featured_media":0,"parent":0,"menu_order":0,"comment_status":"closed","ping_status":"closed","template":"","meta":{"_acf_changed":false,"_relevanssi_hide_post":"","_relevanssi_hide_content":"","_relevanssi_pin_for_all":"","_relevanssi_pin_keywords":"","_relevanssi_unpin_keywords":"","_relevanssi_related_keywords":"","_relevanssi_related_include_ids":"","_relevanssi_related_exclude_ids":"","_relevanssi_related_no_append":"","_relevanssi_related_not_related":"","_relevanssi_related_posts":"","_relevanssi_noindex_reason":"","footnotes":""},"acf":[],"_links":{"self":[{"href":"https:\/\/lrhs.swlauriersb.vortexdev.com\/fr\/wp-json\/wp\/v2\/pages\/724"}],"collection":[{"href":"https:\/\/lrhs.swlauriersb.vortexdev.com\/fr\/wp-json\/wp\/v2\/pages"}],"about":[{"href":"https:\/\/lrhs.swlauriersb.vortexdev.com\/fr\/wp-json\/wp\/v2\/types\/page"}],"author":[{"embeddable":true,"href":"https:\/\/lrhs.swlauriersb.vortexdev.com\/fr\/wp-json\/wp\/v2\/users\/1"}],"replies":[{"embeddable":true,"href":"https:\/\/lrhs.swlauriersb.vortexdev.com\/fr\/wp-json\/wp\/v2\/comments?post=724"}],"version-history":[{"count":2,"href":"https:\/\/lrhs.swlauriersb.vortexdev.com\/fr\/wp-json\/wp\/v2\/pages\/724\/revisions"}],"predecessor-version":[{"id":804,"href":"https:\/\/lrhs.swlauriersb.vortexdev.com\/fr\/wp-json\/wp\/v2\/pages\/724\/revisions\/804"}],"wp:attachment":[{"href":"https:\/\/lrhs.swlauriersb.vortexdev.com\/fr\/wp-json\/wp\/v2\/media?parent=724"}],"curies":[{"name":"wp","href":"https:\/\/api.w.org\/{rel}","templated":true}]}}