{"id":725,"date":"2023-12-11T19:18:01","date_gmt":"2023-12-11T19:18:01","guid":{"rendered":"https:\/\/lrhs.swlauriersb.vortexdev.com\/our-school-about-us\/"},"modified":"2024-03-27T19:34:55","modified_gmt":"2024-03-27T19:34:55","slug":"a-propos","status":"publish","type":"page","link":"https:\/\/lrhs.swlauriersb.vortexdev.com\/fr\/a-propos\/","title":{"rendered":"\u00c0 propos"},"content":{"rendered":"\n<h2 class=\"wp-block-heading\">Aire de desserte<\/h2>\n\n\n\n<p>La carte d\u00e9crivant le bassin d\u2019alimentation de notre \u00e9cole est fournie pour donner un aper\u00e7u g\u00e9n\u00e9ral du territoire desservi par celle-ci. Les parents doivent communiquer avec l\u2019\u00e9tablissement concern\u00e9 pour confirmer l\u2019admissibilit\u00e9 \u00e0 l\u2019\u00e9cole demand\u00e9e.<\/p>\n\n\n\n<div class=\"wp-block-buttons is-layout-flex wp-block-buttons-is-layout-flex\">\n<div class=\"wp-block-button is-style-text-link-pdf\"><a class=\"wp-block-button__link wp-element-button\" href=\"http:\/\/lrhs.swlauriersb.vortexdev.com\/wp-content\/uploads\/sites\/7\/2023\/12\/ZONE_MAP_Secondary_LAURENTIAN_REGIONAL.pdf\" target=\"_blank\" rel=\"noreferrer noopener\">Zone Map Secondary Laurentian Regional <i class=\"icon-pdf\"><\/i><\/a><\/div>\n<\/div>\n\n\n\n<h2 class=\"wp-block-heading\">Philosophie \/ Mission<\/h2>\n\n\n\n<p>L\u2019\u00e9cole secondaire r\u00e9gionale Laurentian est une \u00e9cole dont la vocation est d\u2019offrir un milieu d\u2019apprentissage positif et coop\u00e9ratif qui favorise la tol\u00e9rance, l\u2019estime de soi, le respect des autres et un sens aigu de la communaut\u00e9. Nous encourageons les \u00e9l\u00e8ves \u00e0 travailler et \u00e0 r\u00e9aliser leur plein potentiel dans les domaines acad\u00e9miques et parascolaires.<\/p>\n\n\n\n<h2 class=\"wp-block-heading\">Renseignements g\u00e9n\u00e9raux<\/h2>\n\n\n\n<p>L\u2019histoire de l\u2019\u00e9cole secondaire r\u00e9gionale Laurentian remonte \u00e0 1968, lorsque le gouvernement a cr\u00e9\u00e9 les \u00e9coles secondaires polyvalentes. Ce concept a fourni des profils de formation acad\u00e9mique et professionnelle, une vari\u00e9t\u00e9 d\u2019options de cours ainsi qu\u2019un programme parascolaire dynamique. Nich\u00e9e au c\u0153ur des Laurentides, l\u2019\u00e9cole accueille 539\u00a0\u00e9l\u00e8ves. Bon nombre de nos dipl\u00f4m\u00e9s poursuivent leurs \u00e9tudes postsecondaires dans des \u00e9tablissements coll\u00e9giaux, universitaires et techniques.<\/p>\n\n\n\n<h2 class=\"wp-block-heading\">\u00a0Programmes<\/h2>\n\n\n\n<p>L\u2019\u00e9cole secondaire r\u00e9gionale Laurentian offre un large \u00e9ventail de programmes destin\u00e9s \u00e0 servir notre communaut\u00e9 diversifi\u00e9e d\u2019apprenants. En plus des cours de base requis pour l\u2019entr\u00e9e au c\u00e9gep, nous offrons un programme enrichi en math\u00e9matique. En compl\u00e9ment des mati\u00e8res obligatoires, nous offrons un impressionnant choix d\u2019options dans les domaines des arts et des sciences.<\/p>\n","protected":false},"excerpt":{"rendered":"<p>Aire de desserte La carte d\u00e9crivant le bassin d\u2019alimentation de notre \u00e9cole est fournie pour donner un aper\u00e7u g\u00e9n\u00e9ral du territoire desservi par celle-ci. Les parents doivent communiquer avec l\u2019\u00e9tablissement concern\u00e9 pour confirmer l\u2019admissibilit\u00e9 \u00e0 l\u2019\u00e9cole demand\u00e9e. Philosophie \/ Mission L\u2019\u00e9cole secondaire r\u00e9gionale Laurentian est une \u00e9cole dont la vocation est d\u2019offrir un milieu d\u2019apprentissage&hellip;<\/p>\n","protected":false},"author":1,"featured_media":0,"parent":0,"menu_order":0,"comment_status":"closed","ping_status":"closed","template":"","meta":{"_acf_changed":false,"_relevanssi_hide_post":"","_relevanssi_hide_content":"","_relevanssi_pin_for_all":"","_relevanssi_pin_keywords":"","_relevanssi_unpin_keywords":"","_relevanssi_related_keywords":"","_relevanssi_related_include_ids":"","_relevanssi_related_exclude_ids":"","_relevanssi_related_no_append":"","_relevanssi_related_not_related":"","_relevanssi_related_posts":"","_relevanssi_noindex_reason":"","footnotes":""},"acf":[],"_links":{"self":[{"href":"https:\/\/lrhs.swlauriersb.vortexdev.com\/fr\/wp-json\/wp\/v2\/pages\/725"}],"collection":[{"href":"https:\/\/lrhs.swlauriersb.vortexdev.com\/fr\/wp-json\/wp\/v2\/pages"}],"about":[{"href":"https:\/\/lrhs.swlauriersb.vortexdev.com\/fr\/wp-json\/wp\/v2\/types\/page"}],"author":[{"embeddable":true,"href":"https:\/\/lrhs.swlauriersb.vortexdev.com\/fr\/wp-json\/wp\/v2\/users\/1"}],"replies":[{"embeddable":true,"href":"https:\/\/lrhs.swlauriersb.vortexdev.com\/fr\/wp-json\/wp\/v2\/comments?post=725"}],"version-history":[{"count":2,"href":"https:\/\/lrhs.swlauriersb.vortexdev.com\/fr\/wp-json\/wp\/v2\/pages\/725\/revisions"}],"predecessor-version":[{"id":876,"href":"https:\/\/lrhs.swlauriersb.vortexdev.com\/fr\/wp-json\/wp\/v2\/pages\/725\/revisions\/876"}],"wp:attachment":[{"href":"https:\/\/lrhs.swlauriersb.vortexdev.com\/fr\/wp-json\/wp\/v2\/media?parent=725"}],"curies":[{"name":"wp","href":"https:\/\/api.w.org\/{rel}","templated":true}]}}