{"id":726,"date":"2023-11-07T21:52:05","date_gmt":"2023-11-07T21:52:05","guid":{"rendered":"https:\/\/lrhs.swlauriersb.vortexdev.com\/parent-information\/"},"modified":"2024-04-02T19:27:11","modified_gmt":"2024-04-02T19:27:11","slug":"information-parents","status":"publish","type":"page","link":"https:\/\/lrhs.swlauriersb.vortexdev.com\/fr\/information-parents\/","title":{"rendered":"Information pour les parents"},"content":{"rendered":"\n<h2 class=\"wp-block-heading\">Activit\u00e9s parascolaires<\/h2>\n\n\n\n<div class=\"wp-block-buttons is-layout-flex wp-block-buttons-is-layout-flex\">\n<div class=\"wp-block-button is-style-text-link-pdf\"><a class=\"wp-block-button__link wp-element-button\" href=\"http:\/\/lrhs.swlauriersb.vortexdev.com\/wp-content\/uploads\/sites\/7\/2023\/12\/LRHS_PARENTINFORMATION_Catalogue-des-Activites-Parascolaires-2023-2024_FR.pdf\" target=\"_blank\" rel=\"noreferrer noopener\">Catalogue des Activit\u00e9s Parascolaires 2023-2024<i class=\"icon-pdf\"><\/i><\/a><\/div>\n<\/div>\n\n\n\n<h2 class=\"wp-block-heading\">Fournitures scolaires<\/h2>\n\n\n\n<div class=\"wp-block-buttons is-layout-flex wp-block-buttons-is-layout-flex\">\n<div class=\"wp-block-button is-style-text-link-pdf\"><a class=\"wp-block-button__link wp-element-button\" href=\"https:\/\/lrhs.swlauriersb.vortexdev.com\/wp-content\/uploads\/sites\/7\/2023\/12\/LRHS_PARENTINFORMATION_SCHOOLSUPPLIES_Secondary-1_BIL.pdf\" target=\"_blank\" rel=\"noreferrer noopener\">Fournitures scolaires &#8211; Secondaire 1<i class=\"icon-pdf\"><\/i><\/a><\/div>\n<\/div>\n\n\n\n<div class=\"wp-block-buttons is-layout-flex wp-block-buttons-is-layout-flex\">\n<div class=\"wp-block-button is-style-text-link-pdf\"><a class=\"wp-block-button__link wp-element-button\" href=\"https:\/\/lrhs.swlauriersb.vortexdev.com\/wp-content\/uploads\/sites\/7\/2023\/12\/LRHS_PARENTINFORMATION_SCHOOLSUPPLIES_Secondary-2_BIL.pdf\" target=\"_blank\" rel=\"noreferrer noopener\">Fournitures scolaires &#8211; Secondaire 2<i class=\"icon-pdf\"><\/i><\/a><\/div>\n<\/div>\n\n\n\n<div class=\"wp-block-buttons is-layout-flex wp-block-buttons-is-layout-flex\">\n<div class=\"wp-block-button is-style-text-link-pdf\"><a class=\"wp-block-button__link wp-element-button\" href=\"https:\/\/lrhs.swlauriersb.vortexdev.com\/wp-content\/uploads\/sites\/7\/2023\/12\/LRHS_PARENTINFORMATION_SCHOOLSUPPLIES_Secondary-3_BIL.pdf\" target=\"_blank\" rel=\"noreferrer noopener\">Fournitures scolaires &#8211; Secondaire 3<i class=\"icon-pdf\"><\/i><\/a><\/div>\n<\/div>\n\n\n\n<div class=\"wp-block-buttons is-layout-flex wp-block-buttons-is-layout-flex\">\n<div class=\"wp-block-button is-style-text-link-pdf\"><a class=\"wp-block-button__link wp-element-button\" href=\"https:\/\/lrhs.swlauriersb.vortexdev.com\/wp-content\/uploads\/sites\/7\/2023\/12\/LRHS_PARENTINFORMATION_SCHOOLSUPPLIES_Secondary-4_BIL.pdf\" target=\"_blank\" rel=\"noreferrer noopener\">Fournitures scolaires &#8211; Secondaire 4<i class=\"icon-pdf\"><\/i><\/a><\/div>\n<\/div>\n\n\n\n<div class=\"wp-block-buttons is-layout-flex wp-block-buttons-is-layout-flex\">\n<div class=\"wp-block-button is-style-text-link-pdf\"><a class=\"wp-block-button__link wp-element-button\" href=\"https:\/\/lrhs.swlauriersb.vortexdev.com\/wp-content\/uploads\/sites\/7\/2023\/12\/LRHS_PARENTINFORMATION_SCHOOLSUPPLIES_Secondary-5_BIL.pdf\" target=\"_blank\" rel=\"noreferrer noopener\">Fournitures scolaires &#8211; Secondaire 5<i class=\"icon-pdf\"><\/i><\/a><\/div>\n<\/div>\n\n\n\n<div class=\"wp-block-buttons is-layout-flex wp-block-buttons-is-layout-flex\">\n<div class=\"wp-block-button is-style-text-link-pdf\"><a class=\"wp-block-button__link wp-element-button\" href=\"https:\/\/lrhs.swlauriersb.vortexdev.com\/wp-content\/uploads\/sites\/7\/2023\/12\/LRHS_PARENTINFORMATION_SCHOOLSUPPLIES_WOTP_BIL.pdf\" target=\"_blank\" rel=\"noreferrer noopener\">Fournitures scolaires &#8211; WOTP<i class=\"icon-pdf\"><\/i><\/a><\/div>\n<\/div>\n\n\n\n<h2 class=\"wp-block-heading\">Transport scolaire apr\u00e8s l\u2019\u00e9cole<\/h2>\n\n\n\n<h2 class=\"wp-block-heading\">Organisme de participation des parents<\/h2>\n\n\n\n<p>Vous aimeriez vous joindre \u00e0 l\u2019organisme de participation des parents? Si oui, veuillez communiquer avec madame Melanie Bujold via ce<a href=\"https:\/\/lrhs.swlauriersb.vortexdev.com\/fr\/communiquez-avec-nous\/\" data-type=\"page\" data-id=\"719\"> formulaire de contact<\/a>.<\/p>\n\n\n\n<h2 class=\"wp-block-heading\">Ressources pour les parents<\/h2>\n\n\n\n<p><a href=\"https:\/\/pausetonecran.com\/\" data-type=\"link\" data-id=\"https:\/\/pausetonecran.com\/\">Pause ton \u00e9cran <\/a><\/p>\n\n\n\n<p><a href=\"https:\/\/ecoleouverte.ca\/en\/\">https:\/\/ecoleouverte.ca\/en\/<\/a><\/p>\n\n\n\n<p><a href=\"https:\/\/enclasse.telequebec.tv\/\">https:\/\/enclasse.telequebec.tv\/<\/a><\/p>\n\n\n\n<div class=\"wp-block-buttons is-layout-flex wp-block-buttons-is-layout-flex\">\n<div class=\"wp-block-button is-style-text-link-pdf\"><a class=\"wp-block-button__link wp-element-button\" href=\"https:\/\/lrhs.swlauriersb.vortexdev.com\/wp-content\/uploads\/sites\/7\/2023\/12\/LRHS_PARENTINFORMATION_Les-produits-du-vapotage_information-pour-parents_FR.pdf\" target=\"_blank\" rel=\"noreferrer noopener\">Les produits du vapotage &#8211; information pour les parents<i class=\"icon-pdf\"><\/i><\/a><\/div>\n<\/div>\n\n\n\n<div class=\"wp-block-buttons is-layout-flex wp-block-buttons-is-layout-flex\">\n<div class=\"wp-block-button is-style-text-link-pdf\"><a class=\"wp-block-button__link wp-element-button\" href=\"https:\/\/lrhs.swlauriersb.vortexdev.com\/wp-content\/uploads\/sites\/7\/2023\/12\/LRHS_PARENTINFORMATION_Guide-parents-Cybersurete_FR.pdf\" target=\"_blank\" rel=\"noreferrer noopener\">Guide parents &#8211; Cybers\u00e9curit\u00e9<i class=\"icon-pdf\"><\/i><\/a><\/div>\n<\/div>\n\n\n\n<h4 class=\"wp-block-heading\">211<\/h4>\n\n\n\n<p><a href=\"https:\/\/www.211qc.ca\/en\/?fbclid=IwAR1U8RMYMWVXUGCI2d2nevLgCMFxrQl6VPJC1WIKvyZb6T3eV7WxUfT7pr0\" data-type=\"link\" data-id=\"https:\/\/www.211qc.ca\/en\/?fbclid=IwAR1U8RMYMWVXUGCI2d2nevLgCMFxrQl6VPJC1WIKvyZb6T3eV7WxUfT7pr0\">Service gratuit et confidentiel d\u2019information et de r\u00e9f\u00e9rence par t\u00e9l\u00e9phone (composer le 211) et sur le Web (211qc.ca) sur les ressources sociocommunautaires<\/a><\/p>\n\n\n\n<h4 class=\"wp-block-heading\">T\u00e9luq<\/h4>\n\n\n\n<p><a href=\"https:\/\/www.teluq.ca\/site\/en\/mooc-supporting-my-child-through-distance-learning.php\" data-type=\"link\" data-id=\"https:\/\/www.teluq.ca\/site\/en\/mooc-supporting-my-child-through-distance-learning.php\">D\u00e9couvrez des trucs et des astuces pour soutenir votre enfant dans ses apprentissages scolaires \u00e0 la maison.<\/a><\/p>\n","protected":false},"excerpt":{"rendered":"<p>Activit\u00e9s parascolaires Fournitures scolaires Transport scolaire apr\u00e8s l\u2019\u00e9cole Organisme de participation des parents Vous aimeriez vous joindre \u00e0 l\u2019organisme de participation des parents? Si oui, veuillez communiquer avec madame Melanie Bujold via ce formulaire de contact. Ressources pour les parents Pause ton \u00e9cran https:\/\/ecoleouverte.ca\/en\/ https:\/\/enclasse.telequebec.tv\/ 211 Service gratuit et confidentiel d\u2019information et de r\u00e9f\u00e9rence par&hellip;<\/p>\n","protected":false},"author":1,"featured_media":0,"parent":0,"menu_order":0,"comment_status":"closed","ping_status":"closed","template":"","meta":{"_acf_changed":false,"_relevanssi_hide_post":"","_relevanssi_hide_content":"","_relevanssi_pin_for_all":"","_relevanssi_pin_keywords":"","_relevanssi_unpin_keywords":"","_relevanssi_related_keywords":"","_relevanssi_related_include_ids":"","_relevanssi_related_exclude_ids":"","_relevanssi_related_no_append":"","_relevanssi_related_not_related":"","_relevanssi_related_posts":"","_relevanssi_noindex_reason":"","footnotes":""},"acf":[],"_links":{"self":[{"href":"https:\/\/lrhs.swlauriersb.vortexdev.com\/fr\/wp-json\/wp\/v2\/pages\/726"}],"collection":[{"href":"https:\/\/lrhs.swlauriersb.vortexdev.com\/fr\/wp-json\/wp\/v2\/pages"}],"about":[{"href":"https:\/\/lrhs.swlauriersb.vortexdev.com\/fr\/wp-json\/wp\/v2\/types\/page"}],"author":[{"embeddable":true,"href":"https:\/\/lrhs.swlauriersb.vortexdev.com\/fr\/wp-json\/wp\/v2\/users\/1"}],"replies":[{"embeddable":true,"href":"https:\/\/lrhs.swlauriersb.vortexdev.com\/fr\/wp-json\/wp\/v2\/comments?post=726"}],"version-history":[{"count":3,"href":"https:\/\/lrhs.swlauriersb.vortexdev.com\/fr\/wp-json\/wp\/v2\/pages\/726\/revisions"}],"predecessor-version":[{"id":907,"href":"https:\/\/lrhs.swlauriersb.vortexdev.com\/fr\/wp-json\/wp\/v2\/pages\/726\/revisions\/907"}],"wp:attachment":[{"href":"https:\/\/lrhs.swlauriersb.vortexdev.com\/fr\/wp-json\/wp\/v2\/media?parent=726"}],"curies":[{"name":"wp","href":"https:\/\/api.w.org\/{rel}","templated":true}]}}