{"id":731,"date":"2023-11-02T09:48:34","date_gmt":"2023-11-02T09:48:34","guid":{"rendered":"https:\/\/lrhs.swlauriersb.vortexdev.com\/student-ressources\/"},"modified":"2024-04-02T19:38:31","modified_gmt":"2024-04-02T19:38:31","slug":"ressources-eleves","status":"publish","type":"page","link":"https:\/\/lrhs.swlauriersb.vortexdev.com\/fr\/ressources-eleves\/","title":{"rendered":"Ressources pour les \u00e9l\u00e8ves"},"content":{"rendered":"\n<h2 class=\"wp-block-heading\">Boutique de l&#8217;\u00e9cole<\/h2>\n\n\n\n<ul>\n<li><a href=\"https:\/\/docs.google.com\/forms\/d\/13XL9_n5dF6vBShMCqBcBIw60uEYEna9cBZmGuQ6QS3A\/viewform?ts=6356a99c&amp;edit_requested=true\" data-type=\"link\" data-id=\"https:\/\/docs.google.com\/forms\/d\/13XL9_n5dF6vBShMCqBcBIw60uEYEna9cBZmGuQ6QS3A\/viewform?ts=6356a99c&amp;edit_requested=true\">Polo<\/a><\/li>\n\n\n\n<li><a href=\"https:\/\/docs.google.com\/forms\/d\/1zRzQo_-lPD0dMbbdOZsskzwAqgEkyCb0kqW0SoBo2F0\/viewform?ts=6356abea&amp;edit_requested=true\" data-type=\"link\" data-id=\"https:\/\/docs.google.com\/forms\/d\/1zRzQo_-lPD0dMbbdOZsskzwAqgEkyCb0kqW0SoBo2F0\/viewform?ts=6356abea&amp;edit_requested=true\">Baseball cap<\/a>&nbsp;<\/li>\n\n\n\n<li><a href=\"https:\/\/docs.google.com\/forms\/d\/1OEx7WdZxLFQUy2XxpzRGO_kH7HsYgTPpHlSPO55BvF0\/viewform?ts=6356a9b7&amp;edit_requested=true\" data-type=\"link\" data-id=\"https:\/\/docs.google.com\/forms\/d\/1OEx7WdZxLFQUy2XxpzRGO_kH7HsYgTPpHlSPO55BvF0\/viewform?ts=6356a9b7&amp;edit_requested=true\">Long sleeve shirt<\/a><\/li>\n\n\n\n<li><a href=\"https:\/\/docs.google.com\/forms\/d\/1W4rx2Zz1SyMO1G0jxbG_BeEClFooSUuUswqI0XDO0Qw\/viewform?ts=6356ac67&amp;edit_requested=true\" data-type=\"link\" data-id=\"https:\/\/docs.google.com\/forms\/d\/1W4rx2Zz1SyMO1G0jxbG_BeEClFooSUuUswqI0XDO0Qw\/viewform?ts=6356ac67&amp;edit_requested=true\">Short<\/a><\/li>\n\n\n\n<li><a href=\"https:\/\/docs.google.com\/forms\/d\/1yfwv1hGD6p3dFRHDmx8ktv2iimX4erov1YGDf3jGPWA\/viewform?ts=6356aa1d&amp;edit_requested=true\" data-type=\"link\" data-id=\"https:\/\/docs.google.com\/forms\/d\/1yfwv1hGD6p3dFRHDmx8ktv2iimX4erov1YGDf3jGPWA\/viewform?ts=6356aa1d&amp;edit_requested=true\">Hoodie<\/a><\/li>\n\n\n\n<li><a href=\"https:\/\/docs.google.com\/forms\/d\/e\/1FAIpQLSeCRmTwI1qF8EfDYlGpi-igiZUbwegg7nkULJTPPmNG9Pz9yw\/viewform\" data-type=\"link\" data-id=\"https:\/\/docs.google.com\/forms\/d\/e\/1FAIpQLSeCRmTwI1qF8EfDYlGpi-igiZUbwegg7nkULJTPPmNG9Pz9yw\/viewform\">T-Shirt<\/a><\/li>\n\n\n\n<li><a href=\"https:\/\/docs.google.com\/forms\/d\/1V1hcZ22ekuviemK-cb0stIv5zcluZ5GG35PHcojz38k\/viewform?ts=6356aa3f&amp;edit_requested=true\" data-type=\"link\" data-id=\"https:\/\/docs.google.com\/forms\/d\/1V1hcZ22ekuviemK-cb0stIv5zcluZ5GG35PHcojz38k\/viewform?ts=6356aa3f&amp;edit_requested=true\">Cotton Jogging pant<\/a><\/li>\n\n\n\n<li><a href=\"https:\/\/docs.google.com\/forms\/d\/1NEajGiGi4rzX2-9_zUznnETsgl3Cy1jEnD1HPTCSGS8\/viewform?ts=6356ac9e&amp;edit_requested=true\">Windbreaker<\/a><\/li>\n\n\n\n<li><a href=\"https:\/\/docs.google.com\/forms\/d\/e\/1FAIpQLSdal1WAg252Vzm0LwrFUlvpt7EK25RyiVVvKTg6JPU72WmziA\/viewform\">Totebag<\/a><\/li>\n<\/ul>\n\n\n\n<h2 class=\"wp-block-heading\">Information sur les \u00e9tudes postsecondaires<\/h2>\n\n\n\n<p>CEGEP and Post-secondary Information on Application<\/p>\n\n\n\n<p>Vous trouverez dans cette pr\u00e9sentation PowerPoint toute l\u2019information n\u00e9cessaire pour effectuer votre demande d\u2019admission au c\u00e9gep ou \u00e0 un programme d\u2019\u00e9tudes postsecondaires. ***La version en fran\u00e7ais suivra prochainement.*** Il est important de savoir que tous les liens renvoyant au site Web contenus dans la pr\u00e9sentation peuvent \u00eatre accessibles en anglais et en fran\u00e7ais puisqu\u2019ils sont directement li\u00e9s \u00e0 l\u2019\u00e9tablissement d\u2019enseignement. Si vous avez besoin d\u2019information suppl\u00e9mentaire en fran\u00e7ais, n\u2019h\u00e9sitez pas \u00e0 communiquer avec l\u2019\u00e9cole au poste&nbsp;8422 ou \u00e0 envoyer votre question par courriel \u00e0 M<sup>me<\/sup> Danielle St-Jacques, notre conseill\u00e8re d\u2019orientation.<\/p>\n\n\n\n<p>Veuillez utiliser ce lien pour en en apprendre davantage sur les diff\u00e9rents programmes d\u2019\u00e9tudes postsecondaires offerts.<\/p>\n\n\n\n<div class=\"wp-block-buttons is-layout-flex wp-block-buttons-is-layout-flex\"><\/div>\n\n\n\n<div class=\"wp-block-buttons is-layout-flex wp-block-buttons-is-layout-flex\"><\/div>\n","protected":false},"excerpt":{"rendered":"<p>Boutique de l&#8217;\u00e9cole Information sur les \u00e9tudes postsecondaires CEGEP and Post-secondary Information on Application Vous trouverez dans cette pr\u00e9sentation PowerPoint toute l\u2019information n\u00e9cessaire pour effectuer votre demande d\u2019admission au c\u00e9gep ou \u00e0 un programme d\u2019\u00e9tudes postsecondaires. ***La version en fran\u00e7ais suivra prochainement.*** Il est important de savoir que tous les liens renvoyant au site Web&hellip;<\/p>\n","protected":false},"author":1,"featured_media":0,"parent":0,"menu_order":0,"comment_status":"closed","ping_status":"closed","template":"","meta":{"_acf_changed":false,"_relevanssi_hide_post":"","_relevanssi_hide_content":"","_relevanssi_pin_for_all":"","_relevanssi_pin_keywords":"","_relevanssi_unpin_keywords":"","_relevanssi_related_keywords":"","_relevanssi_related_include_ids":"","_relevanssi_related_exclude_ids":"","_relevanssi_related_no_append":"","_relevanssi_related_not_related":"","_relevanssi_related_posts":"","_relevanssi_noindex_reason":"","footnotes":""},"acf":[],"_links":{"self":[{"href":"https:\/\/lrhs.swlauriersb.vortexdev.com\/fr\/wp-json\/wp\/v2\/pages\/731"}],"collection":[{"href":"https:\/\/lrhs.swlauriersb.vortexdev.com\/fr\/wp-json\/wp\/v2\/pages"}],"about":[{"href":"https:\/\/lrhs.swlauriersb.vortexdev.com\/fr\/wp-json\/wp\/v2\/types\/page"}],"author":[{"embeddable":true,"href":"https:\/\/lrhs.swlauriersb.vortexdev.com\/fr\/wp-json\/wp\/v2\/users\/1"}],"replies":[{"embeddable":true,"href":"https:\/\/lrhs.swlauriersb.vortexdev.com\/fr\/wp-json\/wp\/v2\/comments?post=731"}],"version-history":[{"count":2,"href":"https:\/\/lrhs.swlauriersb.vortexdev.com\/fr\/wp-json\/wp\/v2\/pages\/731\/revisions"}],"predecessor-version":[{"id":910,"href":"https:\/\/lrhs.swlauriersb.vortexdev.com\/fr\/wp-json\/wp\/v2\/pages\/731\/revisions\/910"}],"wp:attachment":[{"href":"https:\/\/lrhs.swlauriersb.vortexdev.com\/fr\/wp-json\/wp\/v2\/media?parent=731"}],"curies":[{"name":"wp","href":"https:\/\/api.w.org\/{rel}","templated":true}]}}